{"id":5865,"date":"2021-02-05T13:34:55","date_gmt":"2021-02-05T13:34:55","guid":{"rendered":"https:\/\/insarag.org\/?page_id=5865"},"modified":"2021-02-05T13:34:55","modified_gmt":"2021-02-05T13:34:55","slug":"home","status":"publish","type":"page","link":"https:\/\/insarag.org\/es\/","title":{"rendered":"GRUPO ASESOR INTERNACIONAL DE OPERACIONES DE B\u00daSQUEDA Y RESCATE (INSARAG)"},"content":{"rendered":"\n<p>INSARAG es una red mundial de m\u00e1s de 90 pa\u00edses y organizaciones bajo la sombrilla de las Naciones Unidas. INSARAG se encarga de temas relacionados con b\u00fasqueda y rescate urbano (USAR) con el objetivo de establecer normas internacionales m\u00ednimas para los equipos USAR y una metodolog\u00eda para la coordinaci\u00f3n internacional de respuesta ante terremotos. Estas normas y metodolog\u00edas se basan en las Gu\u00edas de INSARAG, aprobadas por la Asamblea General de las Naciones Unidas en su Resoluci\u00f3n 57\/150 del 2002, sobre el \u00abFortalecimiento de la Eficacia y de la Coordinaci\u00f3n de la Asistencia Internacional a las Operaciones de B\u00fasqueda y Rescate en Zonas Urbanas\u00bb.<\/p>\n","protected":false},"excerpt":{"rendered":"<p>INSARAG es una red mundial de m\u00e1s de 90 pa\u00edses y organizaciones bajo la sombrilla de las Naciones Unidas. INSARAG se encarga de temas relacionados con b\u00fasqueda y rescate urbano (USAR) con el objetivo de establecer normas internacionales m\u00ednimas para los equipos USAR y una metodolog\u00eda para la coordinaci\u00f3n internacional de respuesta ante terremotos. Estas [&hellip;]<\/p>\n","protected":false},"author":1,"featured_media":0,"parent":0,"menu_order":0,"comment_status":"closed","ping_status":"closed","template":"","meta":{"footnotes":""},"class_list":["post-5865","page","type-page","status-publish","hentry"],"_links":{"self":[{"href":"https:\/\/insarag.org\/es\/wp-json\/wp\/v2\/pages\/5865","targetHints":{"allow":["GET"]}}],"collection":[{"href":"https:\/\/insarag.org\/es\/wp-json\/wp\/v2\/pages"}],"about":[{"href":"https:\/\/insarag.org\/es\/wp-json\/wp\/v2\/types\/page"}],"author":[{"embeddable":true,"href":"https:\/\/insarag.org\/es\/wp-json\/wp\/v2\/users\/1"}],"replies":[{"embeddable":true,"href":"https:\/\/insarag.org\/es\/wp-json\/wp\/v2\/comments?post=5865"}],"version-history":[{"count":1,"href":"https:\/\/insarag.org\/es\/wp-json\/wp\/v2\/pages\/5865\/revisions"}],"predecessor-version":[{"id":5866,"href":"https:\/\/insarag.org\/es\/wp-json\/wp\/v2\/pages\/5865\/revisions\/5866"}],"wp:attachment":[{"href":"https:\/\/insarag.org\/es\/wp-json\/wp\/v2\/media?parent=5865"}],"curies":[{"name":"wp","href":"https:\/\/api.w.org\/{rel}","templated":true}]}}